{"id":12863,"date":"2023-06-19T17:46:04","date_gmt":"2023-06-19T17:46:04","guid":{"rendered":"https:\/\/dndial.org\/redes-regionales\/redeleish-copy\/"},"modified":"2025-11-19T16:53:04","modified_gmt":"2025-11-19T16:53:04","slug":"alianzadengue","status":"publish","type":"page","link":"https:\/\/dndial.org\/es\/redes-regionales\/alianzadengue\/","title":{"rendered":"Alianza Dengue"},"content":{"rendered":"<div id=\"abertura-pagina-imagem-pequena-tarja-block_62b376b7e2de4\" class=\"abertura-pagina-imagem-pequena-tarja\">\n                        <!-- <div id=\"showcase-tarja\" style=\"background-image:url(https:\/\/dndial.org\/wp-content\/uploads\/2022\/06\/bg_plataforma_chagas.jpg);background-color:bg-image;\"> -->\n    <div id=\"showcase-tarja\" style=\"background-image:url(https:\/\/dndial.org\/wp-content\/uploads\/2022\/06\/bg_plataforma_chagas.jpg);\"\n        class=\"bg-image\">\n        <div class=\"container\">\n            <div class=\"row\">\n                <div class=\"col-lg-12\">\n                    <div class=\"breadcrumb mt-4 mb-5 futura font-12 text-uppercase fw-bold\"><a href=\"https:\/\/dndial.org\/es\/\" rel=\"nofollow\">Home<\/a> &nbsp;&nbsp;&#187;&nbsp;&nbsp; Alianza Dengue                    <\/div>\n                    <h1 class=\"font-36 futura fw-bold hide-1024-down\">Alianza Dengue<\/h1>\n                <\/div>\n                <!-- condicional aqui -->\n                                <\/div>\n            <\/div>\n        <\/div>\n    <\/div>\n    <div class=\"row hide-1024-up\">\n        <div class=\"col-xl-6\">\n            <div class=\"caption-white\" style=\"border-bottom: solid 8px; background-color:#000;\">\n                <div class=\"row\">\n                    <div class=\"col-sm-12\">\n                        <h1 class=\"font-30 futura fw-bold hide-1024-up text-white mb-0\">\n                            Alianza Dengue<\/h1>\n                    <\/div>\n                <\/div>\n            <\/div>\n        <\/div>\n    <\/div>\n<\/div>\n\n    <div id=\"titulo-e-texto-block_62a89b3dd85af\"\n    class=\"titulo-e-texto bg-white  \">\n    <div class=\"container\">\n        <div class=\"row\">\n            <div class=\"col-lg-8 offset-lg-2\">\n                <h2 class=\"futura fw-bold lh-base font-20 mb-4\">\n                                    <\/h2>\n                                <p><img loading=\"lazy\" decoding=\"async\" class=\"alignnone wp-image-12893\" src=\"https:\/\/dndial.org\/wp-content\/uploads\/2023\/06\/Dengue-alliance-logo_Full-colour_ESP-1.jpg\" alt=\"\" width=\"261\" height=\"97\" \/><\/p>\n<p>La Alianza Dengue, lanzada en 2022, es una asociaci\u00f3n mundial liderada por instituciones de pa\u00edses end\u00e9micos de dengue que tiene como objetivo desarrollar tratamientos asequibles y accesibles para el dengue.<\/p>\n<p>El dengue, una enfermedad tropical desatendida sensible al clima, es una de las diez principales amenazas para la salud p\u00fablica mundial en todo el mundo. A pesar de que se calcula que cada a\u00f1o se producen 390 millones de infecciones en m\u00e1s de 100 pa\u00edses, no se dispone de un tratamiento espec\u00edfico. Se estima que m\u00e1s del 70% de la carga de la enfermedad se encuentra en Asia, con una incidencia en r\u00e1pido crecimiento en otras partes del mundo &#8211; en particular en las Am\u00e9ricas, que super\u00f3 los 3 millones de infecciones en 2019.<\/p>\n<p>La Alianza Dengue trabaja en proyectos conjuntos para avanzar en las investigaciones precl\u00ednicas de posibles tratamientos contra el dengue, probar la eficacia de los candidatos a medicamentos reutilizados e implementar ensayos cl\u00ednicos de los candidatos a medicamentos m\u00e1s prometedores. Al mismo tiempo, los miembros de la Alianza coordinan esfuerzos para ayudar a superar las lagunas de conocimiento y acelerar la investigaci\u00f3n cl\u00ednica y las aprobaciones reglamentarias, lo que incluye abordar las necesidades no cubiertas en materia de diagn\u00f3stico. La alianza tambi\u00e9n se centra en la recaudaci\u00f3n de fondos y la movilizaci\u00f3n de recursos, al tiempo que comparte abiertamente los conocimientos en materia de investigaci\u00f3n.<\/p>\n                            <\/div>\n        <\/div>\n    <\/div>\n<\/div>\n\n    <div id=\"video-de-youtube-block_691deb912b82e\"\n  class=\"video-de-youtube bg-white   \">\n  <div class=\"container\">\n    <div class=\"row\">\n      <div class=\"col-lg-12\">\n                <div class=\"ratio ratio-16x9\">\n          <div class=\"iframe-container\"><iframe loading=\"lazy\" class=\"embed-responsive-item\" title=\"O que \u00e9 o projeto LOLA?\" width=\"500\" height=\"281\"\n            src=\"https:\/\/www.youtube.com\/embed\/jVqwpw8ssEU?feature=oembed\" frameborder=\"0\"\n            allow=\"accelerometer; autoplay; clipboard-write; encrypted-media; gyroscope; picture-in-picture\" allowfullscreen=\"\"><\/iframe><\/div>\n        <\/div>\n      <\/div>\n    <\/div>\n  <\/div>\n<\/div>\n<script>\n$('.iframe-container').contents().unwrap();\n<\/script>\n\n    <div id=\"titulo-e-texto-block_6490a4c4da78c\"\n    class=\"titulo-e-texto bg-white  \">\n    <div class=\"container\">\n        <div class=\"row\">\n            <div class=\"col-lg-8 offset-lg-2\">\n                <h2 class=\"futura fw-bold lh-base font-20 mb-4\">\n                                    <\/h2>\n                                <h1>Socios<\/h1>\n<p><a href=\"https:\/\/dndi.org\/\">Drugs for Neglected Diseases initiative (DNDi)<\/a>, Suiza<\/p>\n<p><a href=\"https:\/\/www2.si.mahidol.ac.th\/en\/\" target=\"_blank\" rel=\"noopener\">Facultad de Medicina del Hospital Siriraj, Universidad Mahidol<\/a>, Tailandia<\/p>\n<p><a href=\"https:\/\/www.moh.gov.my\/\" target=\"_blank\" rel=\"noopener\">Ministerio de Sanidad<\/a>, Malasia<\/p>\n<p><a href=\"https:\/\/portal.fiocruz.br\/en\" target=\"_blank\" rel=\"noopener\">Fundaci\u00f3n Oswaldo Cruz (Fiocruz)<\/a>, Brazil<\/p>\n<p><a href=\"https:\/\/thsti.res.in\/\" target=\"_blank\" rel=\"noopener\">Translational Health Science and Technology Institute (THSTI)<\/a>, India<\/p>\n<p><a href=\"https:\/\/ufmg.br\/\" target=\"_blank\" rel=\"noopener\">Universidade Federal de Minas Gerais (UFMG)<\/a>, Brazil<\/p>\n                            <\/div>\n        <\/div>\n    <\/div>\n<\/div>\n\n                <div id=\"accordion-block_691df52d54af2\"\n      class=\"accordion bg-white pt-20 pb-60\">\n      <div class=\"container\">\n          <div class=\"row\">\n              <div class=\"col-lg-8 offset-lg-2\">\n                  <h2 class=\"futura orange-01 lh-base fw-bold font-20\">\n                      <\/h2>\n              <\/div>\n          <\/div>\n      <\/div>\n      <div id=\"accordion\">\n          <div class=\"accordion\" id=\"accordionExample\">\n                            \n              <div class=\"accordion-item\">\n                  <h3 class=\"accordion-header\" id=\"heading-accordion-block_691df52d54af21\">\n                      <button class=\"accordion-button collapsed\" type=\"button\" data-bs-toggle=\"collapse\"\n                          data-bs-target=\"#collapse-accordion-block_691df52d54af21\" aria-expanded=\"false\"\n                          aria-controls=\"collapse-accordion-block_691df52d54af21\">\n                          <div class=\"container\">\n                              <div class=\"row\">\n                                  <div class=\"col-lg-8 offset-lg-2\">\n                                      <span class=\"d-flex\">\n                                          <div class=\"futura\">Destacados en 2024<\/div>\n                                          <i class=\"fas fa-chevron-down ms-auto align-self-center\"><\/i>\n                                      <\/span>\n                                  <\/div>\n                              <\/div>\n                          <\/div>\n                      <\/button>\n                  <\/h3>\n              <\/div>\n              <div id=\"collapse-accordion-block_691df52d54af21\"\n                  class=\"accordion-collapse animate__animated animate__fadeIn collapse\"\n                  aria-labelledby=\"heading-accordion-block_691df52d54af21\" data-bs-parent=\"#accordionExample\">\n                  <div class=\"accordion-body\">\n                      <div class=\"container\">\n                          <div class=\"row\">\n                              <div class=\"col-lg-8 offset-lg-2\">\n                                  <ul>\n<li>Completamos la primera etapa y nos preparamos para la segunda fase del <a href=\"https:\/\/dndi.org\/research-development\/portfolio\/pre-clinical-profiling-dengue\/\">trabajo precl\u00ednico<\/a> para reutilizar medicamentos existentes como posibles tratamientos contra el dengue.<\/li>\n<li>Avanzamos en las discusiones sobre <a href=\"https:\/\/dndi.org\/research-development\/portfolio\/pre-clinical-profiling-dengue\/\">candidatos antivirales y anticuerpos monoclonales<\/a> con tres empresas farmac\u00e9uticas, en preparaci\u00f3n para los ensayos cl\u00ednicos de Fase II y Fase III.<\/li>\n<li>Capacitamos a 233 personas en ensayos cl\u00ednicos y acceso en India, Brasil y Burkina Faso.<\/li>\n<li>Coorganizamos la tercera reuni\u00f3n presencial de la Dengue Alliance y del Comit\u00e9 Directivo Conjunto (JSC), en colaboraci\u00f3n con el Ministerio de Salud de Malasia.<\/li>\n<li>Coorganizamos un d\u00eda de visibilidad sobre investigaci\u00f3n en dengue con el Ministerio de Salud de Malasia, con la participaci\u00f3n de embajadores de la Dengue Alliance y la apertura oficial del Ministro de Salud de Malasia.<\/li>\n<li>Completamos estudios observacionales sobre vigilancia epidemiol\u00f3gica, perfil demogr\u00e1fico de pacientes, comportamiento de b\u00fasqueda de atenci\u00f3n y est\u00e1ndares de atenci\u00f3n en India, Brasil y Burkina Faso.<\/li>\n<li>Realizamos un seminario en colaboraci\u00f3n con el Ministerio de Salud de Brasil para mapear brechas, limitaciones, desaf\u00edos y oportunidades para mejorar el diagn\u00f3stico y el manejo cl\u00ednico.<\/li>\n<li>Llevamos a cabo un taller estatal de incidencia y participaci\u00f3n comunitaria con la asistencia de 150 l\u00edderes comunitarios, defensores de pacientes y expertos en India.<\/li>\n<li>Participamos en la <a href=\"https:\/\/dndi.org\/events\/2024\/7th-asia-dengue-summit-2024\/\">Asia Dengue Summit 2024<\/a> en Malasia, en la conferencia de la <a href=\"https:\/\/dndi.org\/events\/2024\/astmh-2024\/\">American Society of Tropical Medicine and Hygiene (ASTMH)<\/a> en Estados Unidos, y en el<a href=\"https:\/\/dndi.org\/events\/2024\/icid-2024\/\"> International Congress for Infectious Diseases<\/a> en Sud\u00e1frica.<\/li>\n<li>Presentamos los resultados preliminares del estudio <a href=\"https:\/\/dndi.org\/research-development\/portfolio\/dengue-seroprevalence-and-burden-studies\/\">SERODEN<\/a> en Ghana, en la International Pandemic Sciences Conference en Oxford, Reino Unido \u2014 y el investigador recibi\u00f3 el premio a la mejor presentaci\u00f3n oral en la categor\u00eda.<\/li>\n<\/ul>\n                              <\/div>\n                          <\/div>\n                      <\/div>\n                  <\/div>\n              <\/div>\n                            \n              <div class=\"accordion-item\">\n                  <h3 class=\"accordion-header\" id=\"heading-accordion-block_691df52d54af22\">\n                      <button class=\"accordion-button collapsed\" type=\"button\" data-bs-toggle=\"collapse\"\n                          data-bs-target=\"#collapse-accordion-block_691df52d54af22\" aria-expanded=\"false\"\n                          aria-controls=\"collapse-accordion-block_691df52d54af22\">\n                          <div class=\"container\">\n                              <div class=\"row\">\n                                  <div class=\"col-lg-8 offset-lg-2\">\n                                      <span class=\"d-flex\">\n                                          <div class=\"futura\">Destacados en 2023<\/div>\n                                          <i class=\"fas fa-chevron-down ms-auto align-self-center\"><\/i>\n                                      <\/span>\n                                  <\/div>\n                              <\/div>\n                          <\/div>\n                      <\/button>\n                  <\/h3>\n              <\/div>\n              <div id=\"collapse-accordion-block_691df52d54af22\"\n                  class=\"accordion-collapse animate__animated animate__fadeIn collapse\"\n                  aria-labelledby=\"heading-accordion-block_691df52d54af22\" data-bs-parent=\"#accordionExample\">\n                  <div class=\"accordion-body\">\n                      <div class=\"container\">\n                          <div class=\"row\">\n                              <div class=\"col-lg-8 offset-lg-2\">\n                                  <ul>\n<li>3 laboratorios modernizados (Senegal, Rep\u00fablica Democr\u00e1tica del Congo y Ghana).<\/li>\n<li>13 personas capacitadas para ensayos cl\u00ednicos.<\/li>\n<li>Realizamos dos reuniones de expertos para discutir el dise\u00f1o de ensayos cl\u00ednicos para dengue.<\/li>\n<li>Participamos en las conferencias ASTMH y ECTMIH.<\/li>\n<li>Publicamos dos art\u00edculos cient\u00edficos sobre el estudio en curso de <a href=\"https:\/\/dndi.org\/research-development\/portfolio\/dengue-seroprevalence-and-burden-studies\/\">seroprevalencia de dengue<\/a> de la Alianza.<\/li>\n<li>Avanzamos en el<a href=\"https:\/\/dndi.org\/research-development\/portfolio\/pre-clinical-profiling-dengue\/\"> perfil precl\u00ednico<\/a> de compuestos antivirales de acci\u00f3n directa existentes y de terapias dirigidas al hu\u00e9sped.<\/li>\n<\/ul>\n                              <\/div>\n                          <\/div>\n                      <\/div>\n                  <\/div>\n              <\/div>\n                            \n              <div class=\"accordion-item\">\n                  <h3 class=\"accordion-header\" id=\"heading-accordion-block_691df52d54af23\">\n                      <button class=\"accordion-button collapsed\" type=\"button\" data-bs-toggle=\"collapse\"\n                          data-bs-target=\"#collapse-accordion-block_691df52d54af23\" aria-expanded=\"false\"\n                          aria-controls=\"collapse-accordion-block_691df52d54af23\">\n                          <div class=\"container\">\n                              <div class=\"row\">\n                                  <div class=\"col-lg-8 offset-lg-2\">\n                                      <span class=\"d-flex\">\n                                          <div class=\"futura\">Destacados en 2022<\/div>\n                                          <i class=\"fas fa-chevron-down ms-auto align-self-center\"><\/i>\n                                      <\/span>\n                                  <\/div>\n                              <\/div>\n                          <\/div>\n                      <\/button>\n                  <\/h3>\n              <\/div>\n              <div id=\"collapse-accordion-block_691df52d54af23\"\n                  class=\"accordion-collapse animate__animated animate__fadeIn collapse\"\n                  aria-labelledby=\"heading-accordion-block_691df52d54af23\" data-bs-parent=\"#accordionExample\">\n                  <div class=\"accordion-body\">\n                      <div class=\"container\">\n                          <div class=\"row\">\n                              <div class=\"col-lg-8 offset-lg-2\">\n                                  <ul>\n<li>Llevamos a cabo una consulta de expertos sobre pruebas de laboratorio en estudios de seroprevalencia de dengue, con 26 participantes que representaron a 12 pa\u00edses y 10 instituciones.<\/li>\n<li>Completamos el <a href=\"https:\/\/dndi.org\/research-development\/portfolio\/pre-clinical-profiling-dengue\/\">perfil precl\u00ednico<\/a> de tres compuestos antivirales de acci\u00f3n directa por su potencial para inhibir el virus del dengue.<\/li>\n<li>Preparamos y presentamos los protocolos para un <a href=\"https:\/\/dndi.org\/research-development\/portfolio\/dengue-seroprevalence-and-burden-studies\/\">estudio de seroprevalencia de dengue.<\/a><\/li>\n<li>Concluimos acuerdos de colaboraci\u00f3n con seis instituciones de investigaci\u00f3n de la Dengue Alliance.<\/li>\n<\/ul>\n                              <\/div>\n                          <\/div>\n                      <\/div>\n                  <\/div>\n              <\/div>\n                        <\/div>\n      <\/div>\n  <\/div>\n\n        <div id=\"texto-corrido-block_6490a3f8fa84e\" class=\"texto-corrido  \">\n    <div class=\"container\">\n      <div class=\"row\">\n        <div class=\"col-lg-8 offset-lg-2\">\n          <span class=\"font-20 din\"><h1><strong>Noticias y recursos<\/strong><\/h1>\n<ul>\n<li>17 de julio de 2025\u2013 <a href=\"https:\/\/dndi.org\/in-the-media\/2025\/combate-a-dengue-estrategias-inovadoras-para-uma-doenca-negligenciada\/\">Combate \u00e0 dengue: estrat\u00e9gias inovadoras para uma doen\u00e7a negligenciada<\/a><em>, MIT Technology Review<\/em><\/li>\n<li>17 de junio de 2025 \u2013 <a href=\"https:\/\/dndi.org\/in-the-media\/2025\/serum-institute-signs-mou-with-dndi-to-develop-dengue-treatment-candidate\/\">Serum Institute signs MoU with DNDi to develop dengue treatment candidate<\/a><em>, Business Standard<\/em><\/li>\n<li>17 de junio de 2025 \u2013 <a href=\"https:\/\/dndi.org\/in-the-media\/2025\/timely-alliance-to-develop-effective-dengue-treatment\/\">\u2018Timely\u2019 alliance to develop effective dengue treatment<\/a><em>, The Sun<\/em><\/li>\n<li>14 de junio de 2025 \u2013 <a href=\"https:\/\/dndi.org\/in-the-media\/2025\/serum-institute-to-conduct-brazilian-trials-of-late-stage-dengue-candidate-with-dndi\/\">Serum Institute to conduct Brazilian trials of late-stage dengue candidate with DNDi<\/a><em>, ET Pharma<\/em><\/li>\n<li>14 de junio de 2025 \u2013 <a href=\"https:\/\/dndi.org\/in-the-media\/2025\/serum-dndi-to-develop-affordable-dengue-treatment\/\">Serum, DNDi to develop affordable dengue treatment<\/a><em>, Hindustan Times<\/em><\/li>\n<li>14 de junio de 2025\u2013 <a href=\"https:\/\/dndi.org\/in-the-media\/2025\/sii-dndi-partner-for-expanding-human-trials-for-dengue-treatment\/\">SII, DNDi partner for expanding human trials for dengue treatment<\/a><em>, The Hindu<\/em><\/li>\n<li>13 de junio de 2025 \u2013 <a href=\"https:\/\/dndi.org\/in-the-media\/2025\/serum-dndi-join-hands-to-fast-track-development-of-new-treatment-for-dengue\/\">Serum, DNDi join hands to fast-track development of new treatment for dengue<\/a><em>, Press Trust of India<\/em><\/li>\n<li>13 de junio de 2025 \u2013 <a href=\"https:\/\/dndi.org\/press-releases\/2025\/serum-institute-india-signs-mou-dndi-advance-development-new-treatment-dengue-in-lmics\/\">Serum Institute of India signs a memorandum of understanding (MoU) with DNDi to advance the development of a new treatment for dengue in low- and middle-income countries<\/a><\/li>\n<li>4 de febrero de 2025 \u2013 <a href=\"https:\/\/dndi.org\/press-releases\/2025\/hyundai-bio-and-dndi-sign-mou-for-potential-dengue-treatment\/\">Hyundai Bio (HDB) and DNDi sign MOU for joint development of Xafty-based dengue treatment<\/a><\/li>\n<li>7 de noviembre de 2024\u2013 <a href=\"https:\/\/dndi.org\/videos\/2024\/treating-a-feverish-planet-the-dengue-alliance\/\">Treating a feverish planet: The Dengue Alliance<\/a><\/li>\n<li>14 de junio de 2024 \u2013 <a href=\"https:\/\/dndi.org\/in-the-media\/2024\/identificaron-un-compuesto-que-puede-actuar-contra-el-dengue-y-zika\/\">Identificaron un compuesto que puede actuar contra el dengue y Zika<\/a><em>, Infobae<\/em><\/li>\n<li>24 de abril de 2024 \u2013 <a href=\"https:\/\/dndi.org\/in-the-media\/2024\/when-dengue-affects-rich-countries-will-we-take-it-more-seriously\/\">When dengue affects rich countries, will we take it more seriously?<\/a><em>, BFM<\/em><\/li>\n<li>15 de abril de 2024 \u2013 <a href=\"https:\/\/dndi.org\/in-the-media\/2024\/why-we-need-a-global-dengue-alliance\/\">Why we need a Global Dengue Alliance<\/a><em>, The Global Sentinel<\/em><\/li>\n<li>13 de abril de 2024\u2013 <a href=\"https:\/\/dndi.org\/in-the-media\/2024\/cuales-son-las-terapias-especificas-contra-el-virus-del-dengue-que-investiga-la-ciencia\/\">Cu\u00e1les son las terapias espec\u00edficas contra el virus del dengue que investiga la ciencia<\/a><em>, Infobae<\/em><\/li>\n<li>1 de abril de 2024 \u2013 <a href=\"https:\/\/dndi.org\/in-the-media\/2024\/aligning-to-combat-dengue\/\">Aligning to combat dengue<\/a><em>, The Star<\/em><\/li>\n<li>6 de septiembre 2023 \u2013 <a href=\"https:\/\/dndi.org\/in-the-media\/2023\/consider-this-public-health-tackling-dengue-through-collaboration\/\">Consider This: Public health \u2013 tackling dengue through collaboration<\/a><em>, Astro AWANI<\/em><\/li>\n<li>4 de septiembre 2023 \u2013 <a href=\"https:\/\/dndi.org\/in-the-media\/2023\/dengue-alliance-sets-goal-to-deliver-treatment-within-5-years\/\">Dengue Alliance sets goal to deliver treatment within 5 years<\/a><em>, The Pioneer<\/em><\/li>\n<li>1 de septiembre 2023 \u2013 <a href=\"https:\/\/dndi.org\/in-the-media\/2023\/a-global-dengue-coalition-to-deliver-treatment-within-5-years-lancet-comment\/\">A global dengue coalition to deliver treatment within 5 years: Lancet comment<\/a><em>, Press Trust of India<\/em><\/li>\n<li>31 de agosto 2023 \u2013 <a href=\"https:\/\/dndi.org\/scientific-articles\/2023\/treatments-for-dengue-a-global-dengue-alliance-to-address-unmet-needs\/\">Treatments for dengue: a Global Dengue Alliance to address unmet needs<\/a><em>, The Lancet Global Health<\/em><\/li>\n<li>15 de abril 2023 \u2013 <a href=\"https:\/\/dndi.org\/in-the-media\/2023\/el-fuerte-avance-del-dengue-en-los-ultimos-50-anos-cuales-son-las-estrategias-cientificas-en-america-para-frenarlo\/\">El fuerte avance del dengue en los \u00faltimos 50 a\u00f1os: cu\u00e1les son las estrategias cient\u00edficas en Am\u00e9rica para frenarlo<\/a><em>, Infobae<\/em><\/li>\n<li>20 de febrero 2023 \u2013 <a href=\"https:\/\/dndi.org\/news\/2023\/first-dengue-alliance-meeting-brings-together-experts-dengue-endemic-countries-develop-treatments\/\">First in-person Dengue Alliance meeting brings together experts from dengue-endemic countries to develop treatments for a growing viral threat<\/a><\/li>\n<li>29 de abril 2022 \u2013 <a href=\"https:\/\/dndi.org\/press-releases\/2022\/ministry-health-malaysia-and-dndi-combine-forces-lead-battle-against-dengue\/\">Ministry of Health, Malaysia and Drugs for Neglected Diseases\u00a0<i>initiative<\/i>\u00a0combine forces to lead the battle against dengue<\/a><\/li>\n<li>26 de enero 2022 \u2013 <a href=\"https:\/\/dndi.org\/press-releases\/2022\/new-global-research-partnership-find-treatment-for-dengue\/\">New global research partnership to find treatment for dengue \u2013 DND<i>i<\/i><\/a><\/li>\n<\/ul>\n<\/span>\n        <\/div>\n      <\/div>\n    <\/div>\n  <\/div>","protected":false},"excerpt":{"rendered":"","protected":false},"author":4,"featured_media":0,"parent":8123,"menu_order":1,"comment_status":"closed","ping_status":"closed","template":"","meta":{"inline_featured_image":false,"footnotes":"","_links_to":"","_links_to_target":""},"class_list":["post-12863","page","type-page","status-publish","hentry"],"aioseo_notices":[],"_links":{"self":[{"href":"https:\/\/dndial.org\/es\/wp-json\/wp\/v2\/pages\/12863","targetHints":{"allow":["GET"]}}],"collection":[{"href":"https:\/\/dndial.org\/es\/wp-json\/wp\/v2\/pages"}],"about":[{"href":"https:\/\/dndial.org\/es\/wp-json\/wp\/v2\/types\/page"}],"author":[{"embeddable":true,"href":"https:\/\/dndial.org\/es\/wp-json\/wp\/v2\/users\/4"}],"replies":[{"embeddable":true,"href":"https:\/\/dndial.org\/es\/wp-json\/wp\/v2\/comments?post=12863"}],"version-history":[{"count":9,"href":"https:\/\/dndial.org\/es\/wp-json\/wp\/v2\/pages\/12863\/revisions"}],"predecessor-version":[{"id":17198,"href":"https:\/\/dndial.org\/es\/wp-json\/wp\/v2\/pages\/12863\/revisions\/17198"}],"up":[{"embeddable":true,"href":"https:\/\/dndial.org\/es\/wp-json\/wp\/v2\/pages\/8123"}],"wp:attachment":[{"href":"https:\/\/dndial.org\/es\/wp-json\/wp\/v2\/media?parent=12863"}],"curies":[{"name":"wp","href":"https:\/\/api.w.org\/{rel}","templated":true}]}}