{"id":8096,"date":"2022-08-02T16:08:53","date_gmt":"2022-08-02T16:08:53","guid":{"rendered":"https:\/\/www.dndial.org\/?page_id=8096"},"modified":"2025-09-30T18:08:34","modified_gmt":"2025-09-30T18:08:34","slug":"ensayos-clinicos","status":"publish","type":"page","link":"https:\/\/dndial.org\/es\/nuestros-proyectos\/ensayos-clinicos\/","title":{"rendered":"Ensayos cl\u00ednicos"},"content":{"rendered":"<div id=\"abertura-pagina-block_621689e567b75\" class=\"abertura-pagina alignfull\">\n  <div id=\"showcase\" style=\"background-image:url(https:\/\/dndial.org\/wp-content\/uploads\/2025\/09\/clinical-1.png);background-color: #f5f5f5;\">\n    <div class=\"container\">\n      <div class=\"row\">\n        <div class=\"col-lg-12\">\n          <div class=\"breadcrumb mt-4 mb-5 futura font-12 text-white text-uppercase fw-bold\"><a href=\"https:\/\/dndial.org\/es\/\" rel=\"nofollow\">Home<\/a> &nbsp;&nbsp;&#187;&nbsp;&nbsp; Ensayos cl\u00ednicos<\/div>\n        <\/div>\n      <\/div>\n      <div class=\"row row-inherit-height align-items-end hide-1024-down\">\n        <div class=\"col-lg-6\">\n          <div class=\"caption-orange\">\n            <h1 class=\"futura fw-bold font-26 text-white\">Ensayos cl\u00ednicos<\/h1>\n            <p class=\"text-white font-20 din\">Nuestros estudios de acuerdo a las mejores pr\u00e1cticas se llevan a cabo sobre todo en localidades aisladas<\/p>\n          <\/div>\n        <\/div>\n      <\/div>\n    <\/div>\n  <\/div>\n  <div class=\"row hide-1024-up\">\n    <div class=\"col-xl-6\">\n      <div class=\"caption-orange\">\n        <h1 class=\"futura fw-bold font-26 text-white\">Ensayos cl\u00ednicos<\/h1>\n        <p class=\"text-white font-20 din\">Nuestros estudios de acuerdo a las mejores pr\u00e1cticas se llevan a cabo sobre todo en localidades aisladas<\/p>\n      <\/div>\n    <\/div>\n  <\/div>\n<\/div>\n\n            <div id=\"titulo-e-texto-block_627d76e88bc3a\"\n    class=\"titulo-e-texto bg-white pt-80 pb-80\">\n    <div class=\"container\">\n        <div class=\"row\">\n            <div class=\"col-lg-8 offset-lg-2\">\n                <h2 class=\"futura fw-bold lh-base font-20 mb-4\">\n                                    <\/h2>\n                                <p>La DND<i>i<\/i> trabaja con socios de investigaci\u00f3n de todo el mundo para evaluar en ensayos cl\u00ednicos medicamentos y nuevos reg\u00edmenes de tratamiento. Las evidencias obtenidas con estos estudios nos permiten ofrecer tratamientos mejores y m\u00e1s asequibles para los m\u00e1s desatendidos.<\/p>\n<p>Realizamos ensayos cl\u00ednicos de acuerdo a los est\u00e1ndares de Buenas Pr\u00e1cticas Cl\u00ednicas, incluso en las zonas rurales y aisladas, lo que implica actualizar la infraestructura y capacitar al personal cl\u00ednico, a menudo a trav\u00e9s de redes regionales de investigaci\u00f3n. Tambi\u00e9n facilitamos el acceso al diagn\u00f3stico y tratamiento, incluso para pacientes no registrados en nuestros ensayos cl\u00ednicos.<\/p>\n                            <\/div>\n        <\/div>\n    <\/div>\n<\/div>\n\n        <div id=\"numeros-com-icones-block_62169649b877e\" class=\"numeros-com-icones  \">\n    <div id=\"numeros\">\n      <div id=\"recursos\" class=\"pt-115 pb-60\">\n        <div class=\"container align-self-end\">\n          <div class=\"row\">\n\n                        <div class=\"col-lg-4\">\n                            <picture class=\"d-flex align-items-center\">\n                <img decoding=\"async\" src=\"https:\/\/dndial.org\/wp-content\/uploads\/2022\/02\/DNDi-Icon-Test-Tubes-2019.svg\" alt=\" estudios cl\u00ednicos\" class=\"img-fluid d-block mx-auto \">\n              <\/picture>\n              <div class=\"futura font-40 fw-bold text-center mb-3\">\n                <span class='numscroller' data-min='1' data-max='26' data-delay='5'\n                  data-increment='3'>26<\/span> estudios cl\u00ednicos              <\/div>\n              <p class=\"text-center din font-20\">en 8 \u00e1reas de enfermedades, en 88 centros de 28 pa\u00edses<\/p>\n                          <\/div>\n            \n                        <div class=\"col-lg-4\">\n                            <picture class=\"d-flex align-items-center\">\n                <img decoding=\"async\" src=\"https:\/\/dndial.org\/wp-content\/uploads\/2022\/02\/DNDi-Icon-Globe-2019.svg\" alt=\" plataformas de investigaci\u00f3n\" class=\"img-fluid d-block mx-auto \">\n              <\/picture>\n              <div class=\"futura font-40 fw-bold text-center mb-3\">\n                <span class='numscroller' data-min='1' data-max='5' data-delay='5'\n                  data-increment='3'>5<\/span> plataformas de investigaci\u00f3n              <\/div>\n              <p class=\"text-center din font-20\">cl\u00ednica para enfermedades espec\u00edficas creadas en la Am\u00e9rica Latina, \u00c1frica y Asia<\/p>\n                          <\/div>\n                                    <div class=\"col-lg-4\">\n                            <picture class=\"d-flex align-items-center\">\n                <img decoding=\"async\" src=\"https:\/\/dndial.org\/wp-content\/uploads\/2022\/02\/DNDi-Icon-People-2019.svg\" alt=\" pacientes registrados\" class=\"img-fluid d-block mx-auto \">\n              <\/picture>\n              <div class=\"futura font-40 fw-bold text-center mb-3\">\n                +<span class='numscroller' data-min='1' data-max='4000' data-delay='5'\n                  data-increment='3'>4000<\/span> pacientes registrados              <\/div>\n              <p class=\"text-center din font-20\">en ensayos cl\u00ednicos en todo el mundo<br \/>\r\n<\/p>\n                          <\/div>\n                      <\/div>\n        <\/div>\n      <\/div>\n    <\/div>\n  <\/div>\n\n            <div id=\"depoimento-e-imagem-block_6217832aead16\"\n      class=\"depoimento-e-imagem  \">\n\n      <section id=\"depoimento\">\n          <div class=\"container-fluid\">\n              <div class=\"row\">\n                  <div class=\"col-md-6 pl-4 textual order-1\">\n                      <div class=\"container\">\n                          <div class=\"row align-items-center\">\n                              <div class=\"col-lg-8 offset-lg-2 col-md-10\">\n                                  <p class=\"futura fw-bold font-26 text-center\">\u00abComo responsable del subprograma nacional de enfermedad de Chagas y Leishmaniasis de Colombia, y a trav\u00e9s del trabajo conjunto con los afectados, la DNDi y otros organismos de cooperaci\u00f3n como la OPS, hemos logrado eliminar algunas de las principales barreras existentes para garantizar que las mejores tecnolog\u00edas est\u00e9n disponibles a los m\u00e1s vulnerables en las zonas m\u00e1s remotas del pa\u00eds.\u00bb<\/p>\n                                  <p class=\"din font-16\">Maur\u00edcio Vera &#8211; Ministerio de Salud de Colombia<\/p>\n                                                                <\/div>\n                          <\/div>\n                      <\/div>\n                  <\/div>\n                  <div class=\"col-md-6 pr-0 bg-image order-2\"\n                      style=\"background-image:url(https:\/\/dndial.org\/wp-content\/uploads\/2022\/10\/DSC_0270___.jpg\">\n                  <\/div>\n              <\/div>\n          <\/div>\n      <\/section>\n  <\/div>\n\n        <div id=\"titulo-e-texto-block_621786a8111e4\"\n    class=\"titulo-e-texto bg-white pt-90 \">\n    <div class=\"container\">\n        <div class=\"row\">\n            <div class=\"col-lg-8 offset-lg-2\">\n                <h2 class=\"futura fw-bold lh-base font-40 mb-4\">\n                    Los grupos de investigaci\u00f3n organizados en red ampl\u00edan la capacidad y aumentan la calidad de las investigaciones                <\/h2>\n                                <p data-start=\"681\" data-end=\"1046\">Desde 2003, DNDi ha apoyado la creaci\u00f3n de cinco plataformas de investigaci\u00f3n cl\u00ednica espec\u00edficas por enfermedad, que re\u00fanen a actores clave como ministerios de salud, programas nacionales de control de enfermedades, autoridades regulatorias, la OMS, el mundo acad\u00e9mico, organizaciones de la sociedad civil, m\u00e9dicos y otros profesionales de la salud.<\/p>\n<p data-start=\"1048\" data-end=\"1107\">Las plataformas funcionan como centros de conocimiento que:<\/p>\n<ul>\n<li data-start=\"1111\" data-end=\"1188\">ayudan a identificar las necesidades de los pacientes y las brechas en I+D,<\/li>\n<li data-start=\"1191\" data-end=\"1254\">fortalecen y mantienen la capacidad de investigaci\u00f3n cl\u00ednica,<\/li>\n<li data-start=\"1257\" data-end=\"1303\">facilitan el acceso a nuevos tratamientos, y<\/li>\n<li data-start=\"1306\" data-end=\"1397\">promueven un entorno normativo y pol\u00edtico favorable para una I+D basada en las necesidades.<\/li>\n<\/ul>\n<p data-start=\"0\" data-end=\"68\" data-is-last-node=\"\" data-is-only-node=\"\">En Am\u00e9rica Latina, DNDi ha trabajado con las siguientes plataformas:<\/p>\n                            <\/div>\n        <\/div>\n    <\/div>\n<\/div>\n\n            <div id=\"titulo-e-texto-em-colunas-icon-img-btn-block_62b6109de0368\"\n    class=\"titulo-e-texto-em-colunas-icon-img-btn bg-white pt-30 pb-30\">\n    <div class=\"container\">\n        <div class=\"row\">\n            <div class=\"col-lg-8 offset-lg-2\">\n                <h2\n                    class=\"futura fw-bold black lh-base font-24 mb-5 text-center\">\n                                    <\/h2>\n                <div class=\"row\">\n                                        <div class=\"col-lg-4 mb-110\">\n                                                                        <div class=\"equalize-image mb-4\">\n                            <img decoding=\"async\" src=\"https:\/\/dndial.org\/wp-content\/uploads\/2022\/02\/plataforma_chagas.jpg\"\n                                alt=\"Plataforma Chagas\"\n                                class=\"icon d-block mx-auto\">\n                        <\/div>\n                        \n                                                <h3 class=\"futura font-20 fw-bold text-center\">\n                            Plataforma Chagas                        <\/h3>\n                                                <span\n                            class=\"text-center\"><p><em>Enfermedad de Chagas<\/em><\/p>\n<\/span>\n                                                                        <div class=\"d-grid d-flex justify-content-center\">\n                            <a class=\"btn btn-outline-orange font-12\"\n                                href=\"https:\/\/www.dndial.org\/es\/redes-regionales\/plataforma-chagas\/\"\n                                target=\"_self\">\n                                CLIQUE PARA SABER M\u00c1S                                <i class=\"fas fa-arrow-right\"><\/i>\n                            <\/a>\n                        <\/div>\n                                                                    <\/div>\n                                        <div class=\"col-lg-4 mb-110\">\n                                                                        <div class=\"equalize-image mb-4\">\n                            <img decoding=\"async\" src=\"https:\/\/dndial.org\/wp-content\/uploads\/2022\/02\/plataforma_leish.jpg\"\n                                alt=\"redeLEISH\"\n                                class=\"icon d-block mx-auto\">\n                        <\/div>\n                        \n                                                <h3 class=\"futura font-20 fw-bold text-center\">\n                            redeLEISH                        <\/h3>\n                                                <span\n                            class=\"text-center\"><p><em>Leishmaniasis <\/em><\/p>\n<\/span>\n                                                                        <div class=\"d-grid d-flex justify-content-center\">\n                            <a class=\"btn btn-outline-orange font-12\"\n                                href=\"https:\/\/www.dndial.org\/es\/redes-regionales\/redeleish\/\"\n                                target=\"_self\">\n                                CLIQUE PARA SABER M\u00c1S                                <i class=\"fas fa-arrow-right\"><\/i>\n                            <\/a>\n                        <\/div>\n                                                                    <\/div>\n                                        <div class=\"col-lg-4 mb-110\">\n                                                                        <div class=\"equalize-image mb-4\">\n                            <img decoding=\"async\" src=\"https:\/\/dndial.org\/wp-content\/uploads\/2025\/06\/Dengue-alliance-logo_Full-colour_ESP.jpg\"\n                                alt=\"Alianza Dengue\"\n                                class=\"icon d-block mx-auto\">\n                        <\/div>\n                        \n                                                <h3 class=\"futura font-20 fw-bold text-center\">\n                            Alianza Dengue                        <\/h3>\n                                                <span\n                            class=\"text-center\"><p><em>Dengue<\/em><\/p>\n<\/span>\n                                                                        <div class=\"d-grid d-flex justify-content-center\">\n                            <a class=\"btn btn-outline-orange font-12\"\n                                href=\"https:\/\/dndial.org\/es\/redes-regionales\/alianzadengue\/\"\n                                target=\"_self\">\n                                CLIQUE PARA SABER M\u00c1S                                <i class=\"fas fa-arrow-right\"><\/i>\n                            <\/a>\n                        <\/div>\n                                                                    <\/div>\n                                    <\/div>\n            <\/div>\n        <\/div>\n    <\/div>\n<\/div>\n\n            <div id=\"titulo-e-texto-block_6218e0641aa35\"\n    class=\"titulo-e-texto bg-grey-02 pt-60 pb-140\">\n    <div class=\"container\">\n        <div class=\"row\">\n            <div class=\"col-lg-8 offset-lg-2\">\n                <h2 class=\"futura fw-bold lh-base font-40 mb-4\">\n                    Transparencia                <\/h2>\n                                <p>La DND<i>i<\/i> reconoce el valor de compartir y difundir sus datos cl\u00ednicos con los investigadores en salud p\u00fablica y otros interesados. La divulgaci\u00f3n cient\u00edfica responsable puede sumar conocimientos para mejorar la vida de los pacientes desatendidos, cuyas necesidades no se consideran una prioridad para las instituciones p\u00fablicas y la industria farmac\u00e9utica.<\/p>\n<p>Nos comprometemos a compartir los datos de nuestros ensayos cl\u00ednicos de una manera que se respete a los participantes de investigaciones m\u00e9dicas y se maximicen los beneficios para los pacientes y la sociedad, reduciendo a la vez cualquier da\u00f1o potencial.<\/p>\n<ul>\n<li aria-level=\"1\">En 2017, firmamos la declaraci\u00f3n conjunta de la Organizaci\u00f3n Mundial de la Salud sobre la divulgaci\u00f3n p\u00fablica de resultados de ensayos cl\u00ednicos.<\/li>\n<li aria-level=\"1\">Para leer m\u00e1s sobre nuestro compromiso con la divulgaci\u00f3n de datos, vea los \u201cPrincipios rectores de la DND<i>i<\/i> sobre la divulgaci\u00f3n de datos de ensayos cl\u00ednicos\u201d. <a href=\"#\">Acceda aqu\u00ed<\/a>.<\/li>\n<\/ul>\n<p>Se solicita a los investigadores que deseen acceder a los datos cl\u00ednicos de la DND<i>i<\/i> que rellenen un formulario de solicitud: PDF. Env\u00ede el formulario rellenado o consultas a: <a href=\"mailto:CTdata@dndi.org\">CTdata@dndi.org<\/a><\/p>\n                            <\/div>\n        <\/div>\n    <\/div>\n<\/div>\n\n    <div id=\"ultimos-periodicos-block_62ff8708f4bd5\"\n    class=\"ultimos-periodicos dynamic-block\">\n    <section class=\"bg-amarelo-claro pt-80 pb-80\">\n        <div class=\"container\">\n            <div class=\"row\">\n                <div class=\"col-lg-12\">\n                    <h2 class=\"futura font-34 fw-bold mb-5\">\n                                                Leer, ver, compartir\n                                            <\/h2>\n                <\/div>\n                \n                                <div class=\"col-lg-3 col-md-6\">\n                    <a class=\"bg-white mb-4 box-news\" href=\"https:\/\/dndial.org\/es\/reportajes\/2026\/dia-mundial-de-la-enfermedad-de-chagas-instituciones-y-comunidades-se-unen-en-colombia-para-ampliar-el-acceso-al-cuidado\/\">\n                        <img loading=\"lazy\" decoding=\"async\" width=\"306\" height=\"180\" src=\"https:\/\/dndial.org\/wp-content\/uploads\/2026\/04\/RafaelHerazo5-aspect-ratio-1920-1090-2-306x180.jpeg\" class=\"img-fluid w-100\" alt=\"\" \/>                        <div class=\"px-4 py-4\">\n                            <small class=\"d-block font-12 futura fw-bold text-uppercase\">\n                                Reportajes                            <\/small>\n                            <small class=\"text-black font-12\">\n                                22\/04\/2026                            <\/small>\n                            <h2 class=\"din font-16 text-black mt-3\">\n                                D\u00eda Mundial de la Enfermedad de Chagas: instituciones y comunidades se unen en Colombia para ampliar el acceso al cuidado                            <\/h2>\n                        <\/div>\n                    <\/a>\n                <\/div>\n                                <div class=\"col-lg-3 col-md-6\">\n                    <a class=\"bg-white mb-4 box-news\" href=\"https:\/\/dndial.org\/es\/releases\/2026\/dndi-y-embajada-de-francia-en-brasil-firman-protocolo-para-acelerar-la-innovacion-y-ampliar-el-acceso-a-tratamientos\/\">\n                        <img loading=\"lazy\" decoding=\"async\" width=\"306\" height=\"180\" src=\"https:\/\/dndial.org\/wp-content\/uploads\/2026\/04\/55197715143_1c2cd3dd68_k-aspect-ratio-1920-1090-306x180.jpg\" class=\"img-fluid w-100\" alt=\"\" \/>                        <div class=\"px-4 py-4\">\n                            <small class=\"d-block font-12 futura fw-bold text-uppercase\">\n                                Releases                            <\/small>\n                            <small class=\"text-black font-12\">\n                                15\/04\/2026                            <\/small>\n                            <h2 class=\"din font-16 text-black mt-3\">\n                                DNDi y Embajada de Francia en Brasil firman protocolo para acelerar la innovaci\u00f3n y ampliar el acceso a tratamientos                            <\/h2>\n                        <\/div>\n                    <\/a>\n                <\/div>\n                                <div class=\"col-lg-3 col-md-6\">\n                    <a class=\"bg-white mb-4 box-news\" href=\"https:\/\/dndial.org\/es\/artigos_cientificos\/2026\/prognostic-models-predicting-clinical-outcomes-in-patients-diagnosed-with-visceral-leishmaniasis-a-systematic-review\/\">\n                                                <div class=\"px-4 py-4\">\n                            <small class=\"d-block font-12 futura fw-bold text-uppercase\">\n                                Art\u00edculos cient\u00edficos                            <\/small>\n                            <small class=\"text-black font-12\">\n                                09\/04\/2026                            <\/small>\n                            <h2 class=\"din font-16 text-black mt-3\">\n                                Prognostic models predicting clinical outcomes in patients diagnosed with visceral leishmaniasis: a systematic review                            <\/h2>\n                        <\/div>\n                    <\/a>\n                <\/div>\n                                <div class=\"col-lg-3 col-md-6\">\n                    <a class=\"bg-white mb-4 box-news\" href=\"https:\/\/dndial.org\/es\/reportajes\/2026\/coalicion-global-lanza-convocatoria-de-proyectos-sobre-dengue\/\">\n                        <img loading=\"lazy\" decoding=\"async\" width=\"306\" height=\"180\" src=\"https:\/\/dndial.org\/wp-content\/uploads\/2026\/03\/contato-leish-aspect-ratio-1920-1090-306x180.png\" class=\"img-fluid w-100\" alt=\"\" \/>                        <div class=\"px-4 py-4\">\n                            <small class=\"d-block font-12 futura fw-bold text-uppercase\">\n                                Reportajes                            <\/small>\n                            <small class=\"text-black font-12\">\n                                30\/03\/2026                            <\/small>\n                            <h2 class=\"din font-16 text-black mt-3\">\n                                Coalici\u00f3n Global lanza convocatoria de proyectos sobre dengue                            <\/h2>\n                        <\/div>\n                    <\/a>\n                <\/div>\n                                <div class=\"col-lg-3 col-md-6\">\n                    <a class=\"bg-white mb-4 box-news\" href=\"https:\/\/dndial.org\/es\/artigos_cientificos\/2026\/unintended-consequences-a-social-sciences-stocktake-of-a-decade-of-global-action-plan-inspired-antimicrobial-governance\/\">\n                                                <div class=\"px-4 py-4\">\n                            <small class=\"d-block font-12 futura fw-bold text-uppercase\">\n                                Art\u00edculos cient\u00edficos                            <\/small>\n                            <small class=\"text-black font-12\">\n                                24\/03\/2026                            <\/small>\n                            <h2 class=\"din font-16 text-black mt-3\">\n                                (Un)intended consequences: a social sciences stocktake of a decade of Global Action Plan-inspired antimicrobial governance                            <\/h2>\n                        <\/div>\n                    <\/a>\n                <\/div>\n                                <div class=\"col-lg-3 col-md-6\">\n                    <a class=\"bg-white mb-4 box-news\" href=\"https:\/\/dndial.org\/es\/artigos_cientificos\/2026\/the-burden-of-eumycetoma-in-africa-a-neglected-fungal-disease\/\">\n                                                <div class=\"px-4 py-4\">\n                            <small class=\"d-block font-12 futura fw-bold text-uppercase\">\n                                Art\u00edculos cient\u00edficos                            <\/small>\n                            <small class=\"text-black font-12\">\n                                24\/03\/2026                            <\/small>\n                            <h2 class=\"din font-16 text-black mt-3\">\n                                The burden of eumycetoma in Africa: a neglected fungal disease                            <\/h2>\n                        <\/div>\n                    <\/a>\n                <\/div>\n                                <div class=\"col-lg-3 col-md-6\">\n                    <a class=\"bg-white mb-4 box-news\" href=\"https:\/\/dndial.org\/es\/dndi_en_los_medios\/2026\/tres-pastillas-para-eliminar-la-enfermedad-del-sueno-en-un-contexto-de-recortes-globales-en-ayuda-al-desarrollo\/\">\n                        <img loading=\"lazy\" decoding=\"async\" width=\"306\" height=\"180\" src=\"https:\/\/dndial.org\/wp-content\/uploads\/2026\/02\/tratament-306x180.png\" class=\"img-fluid w-100\" alt=\"\" \/>                        <div class=\"px-4 py-4\">\n                            <small class=\"d-block font-12 futura fw-bold text-uppercase\">\n                                DNDi en los medios                            <\/small>\n                            <small class=\"text-black font-12\">\n                                11\/03\/2026                            <\/small>\n                            <h2 class=\"din font-16 text-black mt-3\">\n                                Tres pastillas para eliminar la enfermedad del sue\u00f1o en un contexto de recortes globales en ayuda al desarrollo                            <\/h2>\n                        <\/div>\n                    <\/a>\n                <\/div>\n                                <div class=\"col-lg-3 col-md-6\">\n                    <a class=\"bg-white mb-4 box-news\" href=\"https:\/\/dndial.org\/es\/artigos_cientificos\/2026\/design-and-analysis-of-randomized-clinical-trials-for-onchocerciasis-loiasis-and-mansonellosis-a-systematic-review\/\">\n                                                <div class=\"px-4 py-4\">\n                            <small class=\"d-block font-12 futura fw-bold text-uppercase\">\n                                Art\u00edculos cient\u00edficos                            <\/small>\n                            <small class=\"text-black font-12\">\n                                06\/03\/2026                            <\/small>\n                            <h2 class=\"din font-16 text-black mt-3\">\n                                Design and analysis of randomized clinical trials for onchocerciasis, loiasis and mansonellosis: A systematic review                            <\/h2>\n                        <\/div>\n                    <\/a>\n                <\/div>\n                            <\/div>\n            <div class=\"col-lg-8 offset-lg-2 d-flex justify-content-center\">\n                                                <a class=\"btn btn-m btn-outline-orange mt-4 px-4 me-0\"\n                    href=\"https:\/\/dndial.org\/comunicacao\/\">\n                    Ver todo <i class=\"fas fa-arrow-right\"><\/i>\n                <\/a>\n                            <\/div>\n        <\/div>\n    <\/section>\n<\/div>","protected":false},"excerpt":{"rendered":"","protected":false},"author":4,"featured_media":0,"parent":8087,"menu_order":3,"comment_status":"closed","ping_status":"closed","template":"","meta":{"inline_featured_image":false,"footnotes":"","_links_to":"","_links_to_target":""},"class_list":["post-8096","page","type-page","status-publish","hentry"],"aioseo_notices":[],"_links":{"self":[{"href":"https:\/\/dndial.org\/es\/wp-json\/wp\/v2\/pages\/8096","targetHints":{"allow":["GET"]}}],"collection":[{"href":"https:\/\/dndial.org\/es\/wp-json\/wp\/v2\/pages"}],"about":[{"href":"https:\/\/dndial.org\/es\/wp-json\/wp\/v2\/types\/page"}],"author":[{"embeddable":true,"href":"https:\/\/dndial.org\/es\/wp-json\/wp\/v2\/users\/4"}],"replies":[{"embeddable":true,"href":"https:\/\/dndial.org\/es\/wp-json\/wp\/v2\/comments?post=8096"}],"version-history":[{"count":40,"href":"https:\/\/dndial.org\/es\/wp-json\/wp\/v2\/pages\/8096\/revisions"}],"predecessor-version":[{"id":16849,"href":"https:\/\/dndial.org\/es\/wp-json\/wp\/v2\/pages\/8096\/revisions\/16849"}],"up":[{"embeddable":true,"href":"https:\/\/dndial.org\/es\/wp-json\/wp\/v2\/pages\/8087"}],"wp:attachment":[{"href":"https:\/\/dndial.org\/es\/wp-json\/wp\/v2\/media?parent=8096"}],"curies":[{"name":"wp","href":"https:\/\/api.w.org\/{rel}","templated":true}]}}