{"id":8120,"date":"2022-08-02T16:19:48","date_gmt":"2022-08-02T16:19:48","guid":{"rendered":"https:\/\/www.dndial.org\/?page_id=8120"},"modified":"2025-12-16T17:56:00","modified_gmt":"2025-12-16T17:56:00","slug":"sea-un-socio","status":"publish","type":"page","link":"https:\/\/dndial.org\/es\/alianzas-en-la-dndi\/sea-un-socio\/","title":{"rendered":"Sea un socio"},"content":{"rendered":"<div id=\"abertura-pagina-block_62b36937e83e3\" class=\"abertura-pagina\">\n  <div id=\"showcase\" style=\"background-image:url(https:\/\/dndial.org\/wp-content\/uploads\/2025\/12\/parcerias-1.png);background-color: #f5f5f5;\">\n    <div class=\"container\">\n      <div class=\"row\">\n        <div class=\"col-lg-12\">\n          <div class=\"breadcrumb mt-4 mb-5 futura font-12 text-white text-uppercase fw-bold\"><a href=\"https:\/\/dndial.org\/es\/\" rel=\"nofollow\">Home<\/a> &nbsp;&nbsp;&#187;&nbsp;&nbsp; Sea un socio<\/div>\n        <\/div>\n      <\/div>\n      <div class=\"row row-inherit-height align-items-end hide-1024-down\">\n        <div class=\"col-lg-6\">\n          <div class=\"caption-orange\">\n            <h1 class=\"futura fw-bold font-26 text-white\">\u00a1Colabore con la DNDi!<\/h1>\n            <p class=\"text-white font-20 din\"><\/p>\n          <\/div>\n        <\/div>\n      <\/div>\n    <\/div>\n  <\/div>\n  <div class=\"row hide-1024-up\">\n    <div class=\"col-xl-6\">\n      <div class=\"caption-orange\">\n        <h1 class=\"futura fw-bold font-26 text-white\">\u00a1Colabore con la DNDi!<\/h1>\n        <p class=\"text-white font-20 din\"><\/p>\n      <\/div>\n    <\/div>\n  <\/div>\n<\/div>\n\n\n<div class=\"wp-block-snow-monkey-blocks-tabs smb-tabs\" data-tabs-id=\"f7e3537a-f3fc-47e1-93c6-7ae7b5cada5a\" data-orientation=\"horizontal\" data-match-height=\"false\" data-tabs-justification=\"stretch\"><div class=\"smb-tabs__tabs\" role=\"tablist\"><div class=\"smb-tabs__tab-wrapper\" id=\"smb-tab-for-block-5f52c2e1-8f2e-4a19-9ab9-6268cffe7d45\"><button class=\"smb-tabs__tab\" role=\"tab\" aria-controls=\"block-5f52c2e1-8f2e-4a19-9ab9-6268cffe7d45\" aria-selected=\"true\">Sea un socio<\/button><\/div><div class=\"smb-tabs__tab-wrapper\" id=\"smb-tab-for-block-d4ce395b-004d-4199-b6e2-f1968adcc4da\"><button class=\"smb-tabs__tab\" role=\"tab\" aria-controls=\"block-d4ce395b-004d-4199-b6e2-f1968adcc4da\" aria-selected=\"false\">Nuestros socios<\/button><\/div><\/div><div class=\"smb-tabs__body\">\n<div class=\"wp-block-snow-monkey-blocks-tab-panel smb-tab-panel\" id=\"block-5f52c2e1-8f2e-4a19-9ab9-6268cffe7d45\" aria-hidden=\"false\" role=\"tabpanel\"><div class=\"smb-tab-panel__body is-layout-constrained wp-block-snow-monkey-blocks-tab-panel-is-layout-constrained\">        <div id=\"titulo-e-texto-block_62b36a00e83e5\"\n    class=\"titulo-e-texto bg-white pt-80 \">\n    <div class=\"container\">\n        <div class=\"row\">\n            <div class=\"col-lg-8 offset-lg-2\">\n                <h2 class=\"futura fw-bold lh-base font-20 mb-4\">\n                                    <\/h2>\n                                <p>La DND<i>i<\/i> act\u00faa a trav\u00e9s de un modelo virtual de I+D farmac\u00e9utico, implementando programas con socios p\u00fablicos y privados de todo el mundo. Nuestras colaboraciones priorizan las necesidades m\u00e1s urgentes de los pacientes desatendidos, valoran los intereses respectivos de nuestros socios y nos permiten mantener los costos de desarrollo bajo control.<\/p>\n                            <\/div>\n        <\/div>\n    <\/div>\n<\/div>\n\n    <div id=\"titulo-e-texto-block_62b36a52e83e7\"\n    class=\"titulo-e-texto bg-white  \">\n    <div class=\"container\">\n        <div class=\"row\">\n            <div class=\"col-lg-8 offset-lg-2\">\n                <h2 class=\"futura fw-bold lh-base font-24 mb-4\">\n                    \u00bfPor qu\u00e9 tornarse nuestro socio?                <\/h2>\n                                <p>Asociarse con la DND<i>i<\/i> puede ser una estrategia ideal para que las compa\u00f1ias de la industria farmac\u00e9utica cumplan con los objetivos de responsabilidad social, se involucren en las \u00e1reas de la salud global y la I+D de enfermedades desatendidas, y estimulen a los interesados en proporcionar innovaciones a poblaciones vulnerables.<\/p>\n<p><strong>Para las empresas de biotecnolog\u00eda<\/strong>, la colaboraci\u00f3n con la DND<i>i<\/i> puede ser beneficiosa para todos, posibilitando oportunidades como:<\/p>\n<ul>\n<li aria-level=\"1\">Participar de programas colaborativos de I+D respaldados por donantes p\u00fablicos y filantr\u00f3picos importantes.<\/li>\n<li aria-level=\"1\">Avanzar en pruebas de concepto cient\u00edficas de la actividad de compuestos o tecnolog\u00edas.<\/li>\n<li aria-level=\"1\">Aumentar la comprensi\u00f3n de los desaf\u00edos del mercado de la salud en los pa\u00edses de bajos y medios ingresos.<\/li>\n<li aria-level=\"1\">Generar datos cl\u00ednicos adicionales para el desarrollo de tratamientos seguros y eficaces.<\/li>\n<li aria-level=\"1\">Ampliar la experiencia con la realizaci\u00f3n de ensayos cl\u00ednicos en nuevas geograf\u00edas y entornos.<\/li>\n<li aria-level=\"1\">Lograr t\u00e9rminos de licenciamiento pragm\u00e1ticos y beneficiosos para todos relacionados con la propiedad intelectual (PI), el territorio y el campo, que garanticen un suministro sostenible para los fabricantes y le permitan a la DND<i>i<\/i> brindar tratamientos asequibles a pacientes desatendidos.<\/li>\n<\/ul>\n<p>&nbsp;<\/p>\n<h4><\/h4>\n<p><strong>\u00bfQu\u00e9 buscamos?<\/strong><\/p>\n<ul>\n<li aria-level=\"1\">Nuevas clases de compuestos con actividad antiparasitaria.<\/li>\n<li aria-level=\"1\">Bibliotecas qu\u00edmicas nuevas y diversas.<\/li>\n<li aria-level=\"1\">Mol\u00e9culas peque\u00f1as sint\u00e9ticas.<\/li>\n<li aria-level=\"1\">Productos naturales.<\/li>\n<\/ul>\n<p>&nbsp;<\/p>\n<p><strong>Aprovechar conocimientos y tecnolog\u00edas<\/strong><\/p>\n<ul>\n<li aria-level=\"1\">Nuevos ensayos de detecci\u00f3n capaces de identificar par\u00e1sitos resistentes\/latentes.<\/li>\n<li aria-level=\"1\">Modelos traslacionales de enfermedades.<\/li>\n<li aria-level=\"1\">Formulaciones o m\u00e9todos de administraci\u00f3n innovadores.<\/li>\n<li aria-level=\"1\">M\u00e9todos innovadores de inteligencia artificial (AI) y aprendizaje autom\u00e1tico (ML, <i>machine learning<\/i>) para acelerar el proceso de I+D.<\/li>\n<li aria-level=\"1\">Modelos predictivos de seguridad y toxicidad.<\/li>\n<li aria-level=\"1\">Enfoques de \u00abinnovaci\u00f3n abierta\u00bb que atraigan m\u00e1s I+D para atender las necesidades de los pacientes desatendidos.<\/li>\n<li aria-level=\"1\">Tecnolog\u00edas y procesos que favorezcan la fabricaci\u00f3n de bajo costo y en bajos vol\u00famenes.<\/li>\n<\/ul>\n<p>&nbsp;<\/p>\n<p><strong>Socios orientados a la salud global<\/strong><\/p>\n<ul>\n<li aria-level=\"1\">Compa\u00f1\u00edas abricantes con modelos de negocios que maximicen el acceso de los pacientes a los tratamientos con m\u00e1rgenes sostenibles (corporaciones de beneficios, empresas Future-Fit).<\/li>\n<li aria-level=\"1\">Redes de distribuci\u00f3n eficientes que minimicen los m\u00e1rgenes de ganancias para garantizar precios asequibles.<\/li>\n<li aria-level=\"1\">Especialistas en cadenas de suministro y adquisiciones para abordar los obst\u00e1culos al acceso a los medicamentos en pa\u00edses con recursos limitados.<\/li>\n<li aria-level=\"1\">Comunicaciones y grupos de pacientes en cada pa\u00eds que se centren en el cambio de comportamiento para facilitar el acceso de los pacientes a tratamientos efectivos para las enfermedades con las cuales trabaja la DND<i>i<\/i>.<\/li>\n<\/ul>\n                            <\/div>\n        <\/div>\n    <\/div>\n<\/div>\n\n    <div id=\"call-to-action-imagem-de-fundo-com-box-branco-block_62963846136af\" class=\"call-to-action-imagem-de-fundo-com-box-branco  \">\n\n      <div class=\"cta-box\">\n    <div class=\"coluna pt-80 pb-80 bg-cover\" style=\"background-image:url(https:\/\/dndial.org\/wp-content\/uploads\/2022\/05\/torne-se-fundo.jpg); background-color:#e84e0f; \">\n      <div class=\"container\">\n        <div class=\"row align-items-center\">\n\n          <div class=\"col-lg-6 offset-lg-3\">\n            <div class=\"box\">\n              <h2 class=\"text-black text-center futura fw-bold font-36 mb-5\">Convi\u00e9rtase en un colaborador<\/h2>\n              <p class=\"text-center\">Ay\u00fadenos a llevar la mejor ciencia a los m\u00e1s desatendidos.<\/p>\n                                                                      <div class=\"d-grid d-md-flex justify-content-md-center mt-5\">\n                <a class=\"btn btn-outline-black font-12\" href=\"https:\/\/dndial.org\/es\/personas\/contactenos\/\"\n                  target=\"_self\">CONTACTO <i\n                    class=\"fas fa-arrow-right\"><\/i><\/a>\n              <\/div>\n            <\/div>\n          <\/div>\n        <\/div>\n      <\/div>\n    <\/div>\n  <\/div>\n    \n  <div class=\"cta-box-taller\">\n      <\/div>\n<\/div>\n<!-- <div class=\"col-lg-5 offset-lg-2\">\n              <div class=\"box\">\n                <h2 class=\"text-black text-center futura fw-bold font-36 mb-5\">teste<\/h2>\n                <p class=\"text-center\">sdfsdfdsf<\/p>\n                <div class=\"d-grid d-md-flex justify-content-md-center mt-5\">\n                  <a class=\"btn btn-outline-black font-12\" href=\"\" target=\"\">ewrewr <i class=\"fas fa-arrow-right\"><\/i><\/a>\n                <\/div>\n              <\/div>\n            <\/div> -->\n\n\n<!--  -->\n\n    <div id=\"call-to-action-imagem-de-fundo-com-box-branco-block_62b36d6ce83ec\" class=\"call-to-action-imagem-de-fundo-com-box-branco  \">\n\n      <div class=\"cta-box\">\n    <div class=\"coluna pt-80 pb-80 bg-cover\" style=\"background-image:url(https:\/\/dndial.org\/wp-content\/uploads\/2022\/06\/bg_pedidos_de_proposta.jpg); background-color:#e84e0f; \">\n      <div class=\"container\">\n        <div class=\"row align-items-center\">\n\n          <div class=\"col-lg-6 offset-lg-3\">\n            <div class=\"box\">\n              <h2 class=\"text-black text-center futura fw-bold font-36 mb-5\">Pedidos de propuesta<\/h2>\n              <p class=\"text-center\">La DNDi invita a ofertas de proveedores de bienes y servicios necesarios para poder brindar nuestro trabajo.<\/p>\n                                                                      <div class=\"d-grid d-md-flex justify-content-md-center mt-5\">\n                <a class=\"btn btn-outline-black font-12\" href=\"https:\/\/dndi.org\/work-with-us\/requests-for-proposal\/\"\n                  target=\"_blank\">VER PEDIDOS DE PROPUESTAS  <i\n                    class=\"fas fa-arrow-right\"><\/i><\/a>\n              <\/div>\n            <\/div>\n          <\/div>\n        <\/div>\n      <\/div>\n    <\/div>\n  <\/div>\n    \n  <div class=\"cta-box-taller\">\n      <\/div>\n<\/div>\n<!-- <div class=\"col-lg-5 offset-lg-2\">\n              <div class=\"box\">\n                <h2 class=\"text-black text-center futura fw-bold font-36 mb-5\">teste<\/h2>\n                <p class=\"text-center\">sdfsdfdsf<\/p>\n                <div class=\"d-grid d-md-flex justify-content-md-center mt-5\">\n                  <a class=\"btn btn-outline-black font-12\" href=\"\" target=\"\">ewrewr <i class=\"fas fa-arrow-right\"><\/i><\/a>\n                <\/div>\n              <\/div>\n            <\/div> -->\n\n\n<!--  --><\/div><\/div>\n\n\n\n<div class=\"wp-block-snow-monkey-blocks-tab-panel smb-tab-panel\" id=\"block-d4ce395b-004d-4199-b6e2-f1968adcc4da\" aria-hidden=\"true\" role=\"tabpanel\"><div class=\"smb-tab-panel__body is-layout-constrained wp-block-snow-monkey-blocks-tab-panel-is-layout-constrained\">        <div id=\"titulo-e-texto-block_62b344ec2d468\"\n    class=\"titulo-e-texto bg-white pt-50 \">\n    <div class=\"container\">\n        <div class=\"row\">\n            <div class=\"col-lg-8 offset-lg-2\">\n                <h2 class=\"futura fw-bold lh-base font-20 mb-4\">\n                                    <\/h2>\n                                <p>Para obtener m\u00e1s informaci\u00f3n, visite nuestro sitio web mundial:<\/p>\n                            <\/div>\n        <\/div>\n    <\/div>\n<\/div>\n\n        \n<div id=\"botoes-block_62b3452a2d46a\"\n    class=\"botoes bg-white  pb-90\">\n    <div class=\"container\">\n        <div class=\"row\">\n            <div class=\"col-lg-8 offset-lg-2 d-flex justify-content-start\">\n\n                                <a class=\"btn mb-4 px-4 me-0 btn-m btn-outline-orange\"\n                    href=\"https:\/\/dndi.org\/partnerships\/industry-partners\/\" target=\"_blank\">\n                    Nuestros socios <i class=\"fas fa-arrow-right\"><\/i>\n                <\/a>\n                \n            <\/div>\n        <\/div>\n    <\/div>\n<\/div><\/div><\/div>\n<\/div><\/div>\n","protected":false},"excerpt":{"rendered":"","protected":false},"author":4,"featured_media":0,"parent":8115,"menu_order":1,"comment_status":"closed","ping_status":"closed","template":"","meta":{"inline_featured_image":false,"footnotes":"","_links_to":"","_links_to_target":""},"class_list":["post-8120","page","type-page","status-publish","hentry"],"aioseo_notices":[],"_links":{"self":[{"href":"https:\/\/dndial.org\/es\/wp-json\/wp\/v2\/pages\/8120","targetHints":{"allow":["GET"]}}],"collection":[{"href":"https:\/\/dndial.org\/es\/wp-json\/wp\/v2\/pages"}],"about":[{"href":"https:\/\/dndial.org\/es\/wp-json\/wp\/v2\/types\/page"}],"author":[{"embeddable":true,"href":"https:\/\/dndial.org\/es\/wp-json\/wp\/v2\/users\/4"}],"replies":[{"embeddable":true,"href":"https:\/\/dndial.org\/es\/wp-json\/wp\/v2\/comments?post=8120"}],"version-history":[{"count":16,"href":"https:\/\/dndial.org\/es\/wp-json\/wp\/v2\/pages\/8120\/revisions"}],"predecessor-version":[{"id":17391,"href":"https:\/\/dndial.org\/es\/wp-json\/wp\/v2\/pages\/8120\/revisions\/17391"}],"up":[{"embeddable":true,"href":"https:\/\/dndial.org\/es\/wp-json\/wp\/v2\/pages\/8115"}],"wp:attachment":[{"href":"https:\/\/dndial.org\/es\/wp-json\/wp\/v2\/media?parent=8120"}],"curies":[{"name":"wp","href":"https:\/\/api.w.org\/{rel}","templated":true}]}}