{"id":8156,"date":"2022-08-02T16:39:09","date_gmt":"2022-08-02T16:39:09","guid":{"rendered":"https:\/\/www.dndial.org\/?page_id=8156"},"modified":"2026-03-02T17:41:38","modified_gmt":"2026-03-02T17:41:38","slug":"haga-una-donacion","status":"publish","type":"page","link":"https:\/\/dndial.org\/es\/haga-una-donacion\/","title":{"rendered":"\u00a1Haga una donaci\u00f3n!"},"content":{"rendered":"<div id=\"abertura-pagina-imagem-pequena-tarja-block_62e7d3bd22f81\" class=\"abertura-pagina-imagem-pequena-tarja\">\n                        <!-- <div id=\"showcase-tarja\" style=\"background-image:url();background-color:bg-laranja;\"> -->\n    <div id=\"showcase-tarja\" style=\"background-image:url();\"\n        class=\"bg-laranja\">\n        <div class=\"container\">\n            <div class=\"row\">\n                <div class=\"col-lg-12\">\n                    <div class=\"breadcrumb mt-4 mb-5 futura font-12 text-uppercase fw-bold\"><a href=\"https:\/\/dndial.org\/es\/\" rel=\"nofollow\">Home<\/a> &nbsp;&nbsp;&#187;&nbsp;&nbsp;                     <\/div>\n                    <h1 class=\"font-36 futura fw-bold hide-1024-down\">\u00a1Haga una donaci\u00f3n!<\/h1>\n                <\/div>\n                <!-- condicional aqui -->\n                                <\/div>\n            <\/div>\n        <\/div>\n    <\/div>\n    <div class=\"row hide-1024-up\">\n        <div class=\"col-xl-6\">\n            <div class=\"caption-white\" style=\"border-bottom: solid 8px; background-color:#000;\">\n                <div class=\"row\">\n                    <div class=\"col-sm-12\">\n                        <h1 class=\"font-30 futura fw-bold hide-1024-up text-white mb-0\">\n                            \u00a1Haga una donaci\u00f3n!<\/h1>\n                    <\/div>\n                <\/div>\n            <\/div>\n        <\/div>\n    <\/div>\n<\/div>\n\n            <div id=\"titulo-e-texto-block_634843de0ba26\"\n    class=\"titulo-e-texto bg-white pt-60 pb-50\">\n    <div class=\"container\">\n        <div class=\"row\">\n            <div class=\"col-lg-8 offset-lg-2\">\n                <h2 class=\"futura fw-bold lh-base font-36 mb-4\">\n                                    <\/h2>\n                                <p>Mientras algunas enfermedades y virus reciben mucha atenci\u00f3n, otras son completamente ignoradas. Esta es la realidad diaria de los 1,7 mil millones de personas alrededor del mundo que se ven afectadas por enfermedades tropicales desatendidas (ETD).<\/p>\n<p>A pesar de afectar a un enorme n\u00famero de personas, causando sufrimiento, incapacidad y muerte, apenas una fracci\u00f3n de la investigaci\u00f3n y desarrollo farmac\u00e9utico mundial est\u00e1 orientada a estas enfermedades que afectan a comunidades pobres y vulnerables. Como consecuencia, no se desarrollan nuevos tratamientos y otras herramientas de salud para estas dolencias. Los \u00fanicos tratamientos disponibles, cuando existen, son ineficaces, t\u00f3xicos, caros y\/o dif\u00edciles de administrar.<\/p>\n<p>Es por ello que existe la DND<i>i<\/i>: para cerrar una brecha del mercado y descubrir, desarrollar y brindar tratamientos urgentes para estos pacientes desatendidos.<\/p>\n<p>Nuestro trabajo es fundamental para alcanzar las metas de los Objetivos de Desarrollo Sustentable y de la Hoja de Ruta de las Enfermedades Tropicales Desatendidas de la Organizaci\u00f3n Mundial de la Salud.<\/p>\n                            <\/div>\n        <\/div>\n    <\/div>\n<\/div>\n\n          <div id=\"imagem-block_6349991f2d4b3\"\n      class=\"imagem bg-white  \">\n      <div class=\"container\">\n          <div class=\"row\">\n              <div class=\"col-lg-12\">\n                                                      <img decoding=\"async\" src=\"https:\/\/dndial.org\/wp-content\/uploads\/2022\/10\/DNDi-ODS-vs-ES.png\" alt=\"Nuestra contribuci\u00f3n a los objetivos de desarrollo sostenible \"\n                      class=\"img-fluid d-block mx-auto\">\n                                    \n              <\/div>\n          <\/div>\n      <\/div>\n  <\/div>\n\n        <div id=\"titulo-e-texto-block_6348066576ec2\"\n    class=\"titulo-e-texto bg-grey-02 pt-50 \">\n    <div class=\"container\">\n        <div class=\"row\">\n            <div class=\"col-lg-8 offset-lg-2\">\n                <h2 class=\"futura fw-bold lh-base font-20 mb-4\">\n                                    <\/h2>\n                                <p>En los \u00faltimos 20 a\u00f1os, ya ofrecimos 14 nuevos tratamientos para seis enfermedades letales, salvando millones de vidas.<\/p>\n<p>\u00a1Usted puede ayudarnos a generar cambios duraderos en las vidas de aquellos que m\u00e1s lo necesiten!<\/p>\n                            <\/div>\n        <\/div>\n    <\/div>\n<\/div>\n\n        <div id=\"titulo-e-texto-block_6348485cec12a\"\n    class=\"titulo-e-texto bg-grey-02  pb-50\">\n    <div class=\"container\">\n        <div class=\"row\">\n            <div class=\"col-lg-8 offset-lg-2\">\n                <h2 class=\"futura fw-bold lh-base font-20 mb-4\">\n                                    <\/h2>\n                                <form action=\"https:\/\/www.paypal.com\/cgi-bin\/webscr\" method=\"post\" target=\"_blank\"><input name=\"cmd\" type=\"hidden\" value=\"_s-xclick\" \/><input name=\"hosted_button_id\" type=\"hidden\" value=\"SDS67JQ3LDLG4\" \/><button class=\"btn mb-4 px-4 me-0 btn-g btn-outline-orange\" type=\"submit\">Done por Paypal <i class=\"fas fa-arrow-right\"><\/i><\/button><\/form>\n                            <\/div>\n        <\/div>\n    <\/div>\n<\/div>\n\n        <div id=\"titulo-e-texto-block_6348068276ec4\"\n    class=\"titulo-e-texto bg-white pt-30 \">\n    <div class=\"container\">\n        <div class=\"row\">\n            <div class=\"col-lg-8 offset-lg-2\">\n                <h2 class=\"futura fw-bold lh-base font-20 mb-4\">\n                                    <\/h2>\n                                <p><strong>Por favor haga su donaci\u00f3n utilizando el formulario a continuaci\u00f3n. <\/strong><\/p>\n<p>Se puede colaborar de diversas maneras:<\/p>\n<ul>\n<li aria-level=\"1\">Haga una donaci\u00f3n online puntual o peri\u00f3dica.<\/li>\n<\/ul>\n<p>O:<\/p>\n<ul>\n<li aria-level=\"1\">Duplique o triplique su donaci\u00f3n a trav\u00e9s del programa de <i>matching<\/i> corporativo de su empleador. Para descubrir si su empleador puede hacer un <i>matching<\/i> de su donaci\u00f3n, por favor entre en contacto con el departamento de recursos humanos de la empresa.<\/li>\n<\/ul>\n<p>Para m\u00e1s informaci\u00f3n, entre en contacto con <a href=\"mailto:colabore@dndi.org\">colabore@dndi.org<\/a><\/p>\n<p>Para conocer nuestra Pol\u00edtica de Captaci\u00f3n de Recursos, <a href=\"https:\/\/dndi.org\/wp-content\/uploads\/2018\/03\/DNDi_Fundraising_Policy.pdf\">haga clic aqu\u00ed<\/a>.<\/p>\n                            <\/div>\n        <\/div>\n    <\/div>\n<\/div>\n\n            <div id=\"titulo-e-texto-block_634806e076ec6\"\n    class=\"titulo-e-texto bg-white pt-50 pb-50\">\n    <div class=\"container\">\n        <div class=\"row\">\n            <div class=\"col-lg-8 offset-lg-2\">\n                <h2 class=\"futura fw-bold lh-base font-20 mb-4\">\n                    Pol\u00edtica de Privacidad de datos                <\/h2>\n                                <p><i>Toda la informaci\u00f3n suministrada ser\u00e1 tratada de acuerdo con nuestra<\/i><i> Pol\u00edtica<\/i><i>.<\/i> Al someter el referido formulario, usted expresa el consentimiento con esta pol\u00edtica.Nos comprometemos a no compartir informaci\u00f3n personal de nuestros donadores con otros contactos. Cualquier informaci\u00f3n dirigida a la DND<i>i<\/i>, a trav\u00e9s de nuestro sitio web o cualquier otro medio de comunicaci\u00f3n electr\u00f3nico u oral, ser\u00e1 restringida a la Organizaci\u00f3n.<\/p>\n<p>La DND<i>i<\/i> Am\u00e9rica Latina est\u00e1 registrada como Organizaci\u00f3n de la Sociedad Civil de Inter\u00e9s P\u00fablico, lo que permite que las donaciones realizadas por personas jur\u00eddicas brasile\u00f1as sean descontadas hasta un m\u00e1ximo del 2% de las ganancias operativas.<\/p>\n                            <\/div>\n        <\/div>\n    <\/div>\n<\/div>\n\n                <div id=\"accordion-block_6348080fc929e\"\n      class=\"accordion bg-white pt-20 pb-70\">\n      <div class=\"container\">\n          <div class=\"row\">\n              <div class=\"col-lg-8 offset-lg-2\">\n                  <h2 class=\"futura orange-01 lh-base fw-bold font-24\">\n                      FAQ &#8211;  Preguntas frecuentes<\/h2>\n              <\/div>\n          <\/div>\n      <\/div>\n      <div id=\"accordion\">\n          <div class=\"accordion\" id=\"accordionExample\">\n                            \n              <div class=\"accordion-item\">\n                  <h3 class=\"accordion-header\" id=\"heading-accordion-block_6348080fc929e1\">\n                      <button class=\"accordion-button collapsed\" type=\"button\" data-bs-toggle=\"collapse\"\n                          data-bs-target=\"#collapse-accordion-block_6348080fc929e1\" aria-expanded=\"false\"\n                          aria-controls=\"collapse-accordion-block_6348080fc929e1\">\n                          <div class=\"container\">\n                              <div class=\"row\">\n                                  <div class=\"col-lg-8 offset-lg-2\">\n                                      <span class=\"d-flex\">\n                                          <div class=\"futura\">\u00bfPor qu\u00e9 apoyar el trabajo de la DNDi?<\/div>\n                                          <i class=\"fas fa-chevron-down ms-auto align-self-center\"><\/i>\n                                      <\/span>\n                                  <\/div>\n                              <\/div>\n                          <\/div>\n                      <\/button>\n                  <\/h3>\n              <\/div>\n              <div id=\"collapse-accordion-block_6348080fc929e1\"\n                  class=\"accordion-collapse animate__animated animate__fadeIn collapse\"\n                  aria-labelledby=\"heading-accordion-block_6348080fc929e1\" data-bs-parent=\"#accordionExample\">\n                  <div class=\"accordion-body\">\n                      <div class=\"container\">\n                          <div class=\"row\">\n                              <div class=\"col-lg-8 offset-lg-2\">\n                                  <p>A diferencia de la investigaci\u00f3n y desarrollo (I&amp;D) realizada por la industria farmac\u00e9utica que apunta de modo general a las ganancias, el trabajo de la DND<i>i<\/i> est\u00e1 orientado exclusivamente por las necesidades de los pacientes desatendidos. Desarrollamos tratamientos accesibles, disponibles y adaptados a las comunidades que m\u00e1s lo necesitan.<\/p>\n<p>Adem\u00e1s, la DND<i>i<\/i> representa una soluci\u00f3n innovadora para el problema complejo de la falla del mercado para estos pacientes. Su modelo \u00fanico, basado en alianzas, le otorga flexibilidad y libertad para desarrollar tratamientos para enfermedades a costos muy reducidos. La organizaci\u00f3n tambi\u00e9n contribuye al desarrollo de soluciones sostenibles para el problema, fortaleciendo la capacidad de I&amp;D y de los sistemas de salud de los pa\u00edses end\u00e9micos y teniendo incidencia pol\u00edtica por una reorientaci\u00f3n del sistema de I&amp;D biom\u00e9dico mundial en favor del acceso equitativo de los frutos del avance cient\u00edfico para todos.<\/p>\n<p>As\u00ed, su donaci\u00f3n ayudar\u00e1 a promover cambios duraderos en las vidas de aquellos que m\u00e1s lo necesitan.<\/p>\n                              <\/div>\n                          <\/div>\n                      <\/div>\n                  <\/div>\n              <\/div>\n                            \n              <div class=\"accordion-item\">\n                  <h3 class=\"accordion-header\" id=\"heading-accordion-block_6348080fc929e2\">\n                      <button class=\"accordion-button collapsed\" type=\"button\" data-bs-toggle=\"collapse\"\n                          data-bs-target=\"#collapse-accordion-block_6348080fc929e2\" aria-expanded=\"false\"\n                          aria-controls=\"collapse-accordion-block_6348080fc929e2\">\n                          <div class=\"container\">\n                              <div class=\"row\">\n                                  <div class=\"col-lg-8 offset-lg-2\">\n                                      <span class=\"d-flex\">\n                                          <div class=\"futura\">\u00bfC\u00f3mo comprobar la seguridad y la eficacia de los tratamientos brindados?<\/div>\n                                          <i class=\"fas fa-chevron-down ms-auto align-self-center\"><\/i>\n                                      <\/span>\n                                  <\/div>\n                              <\/div>\n                          <\/div>\n                      <\/button>\n                  <\/h3>\n              <\/div>\n              <div id=\"collapse-accordion-block_6348080fc929e2\"\n                  class=\"accordion-collapse animate__animated animate__fadeIn collapse\"\n                  aria-labelledby=\"heading-accordion-block_6348080fc929e2\" data-bs-parent=\"#accordionExample\">\n                  <div class=\"accordion-body\">\n                      <div class=\"container\">\n                          <div class=\"row\">\n                              <div class=\"col-lg-8 offset-lg-2\">\n                                  <p>Nuestro trabajo se fundamenta en la mejor ciencia, siguiendo las mejores pr\u00e1cticas de investigaci\u00f3n y siendo realizado en conjunto con algunas de las principales instituciones de investigaci\u00f3n y empresas farmac\u00e9uticas del mundo. Adem\u00e1s de las agencias regulatorias nacionales de Am\u00e9rica Latina, nuestros tratamientos han sido aprobados y recomendados por la <i>Food and Drug Administration<\/i> (FDA) de Estados Unidos, la Agencia Europea de Medicamentos y la Organizaci\u00f3n Mundial de la Salud. Nuestros cient\u00edficos publican regularmente en los principales peri\u00f3dicos del \u00e1rea. Consulte nuestros <a href=\"https:\/\/dndi.org\/resources\/scientific-articles\/\">art\u00edculos cient\u00edficos m\u00e1s recientes<\/a>.<\/p>\n                              <\/div>\n                          <\/div>\n                      <\/div>\n                  <\/div>\n              <\/div>\n                            \n              <div class=\"accordion-item\">\n                  <h3 class=\"accordion-header\" id=\"heading-accordion-block_6348080fc929e3\">\n                      <button class=\"accordion-button collapsed\" type=\"button\" data-bs-toggle=\"collapse\"\n                          data-bs-target=\"#collapse-accordion-block_6348080fc929e3\" aria-expanded=\"false\"\n                          aria-controls=\"collapse-accordion-block_6348080fc929e3\">\n                          <div class=\"container\">\n                              <div class=\"row\">\n                                  <div class=\"col-lg-8 offset-lg-2\">\n                                      <span class=\"d-flex\">\n                                          <div class=\"futura\">\u00bfC\u00f3mo hago para cancelar mis donaciones regulares o modificar mi donaci\u00f3n? <\/div>\n                                          <i class=\"fas fa-chevron-down ms-auto align-self-center\"><\/i>\n                                      <\/span>\n                                  <\/div>\n                              <\/div>\n                          <\/div>\n                      <\/button>\n                  <\/h3>\n              <\/div>\n              <div id=\"collapse-accordion-block_6348080fc929e3\"\n                  class=\"accordion-collapse animate__animated animate__fadeIn collapse\"\n                  aria-labelledby=\"heading-accordion-block_6348080fc929e3\" data-bs-parent=\"#accordionExample\">\n                  <div class=\"accordion-body\">\n                      <div class=\"container\">\n                          <div class=\"row\">\n                              <div class=\"col-lg-8 offset-lg-2\">\n                                  <p>Las donaciones regulares pueden cancelarse siempre que lo solicite el donador. Para cancelar o modificar su donaci\u00f3n, como el monto o fecha de procesamiento, por favor env\u00ede un e-mail a <a href=\"mailto:colabore@dndi.org\">colabore@dndi.org<\/a> con su solicitud.<\/p>\n                              <\/div>\n                          <\/div>\n                      <\/div>\n                  <\/div>\n              <\/div>\n                        <\/div>\n      <\/div>\n  <\/div>","protected":false},"excerpt":{"rendered":"","protected":false},"author":4,"featured_media":0,"parent":0,"menu_order":18,"comment_status":"closed","ping_status":"closed","template":"","meta":{"inline_featured_image":false,"footnotes":"","_links_to":"","_links_to_target":""},"class_list":["post-8156","page","type-page","status-publish","hentry"],"aioseo_notices":[],"_links":{"self":[{"href":"https:\/\/dndial.org\/es\/wp-json\/wp\/v2\/pages\/8156","targetHints":{"allow":["GET"]}}],"collection":[{"href":"https:\/\/dndial.org\/es\/wp-json\/wp\/v2\/pages"}],"about":[{"href":"https:\/\/dndial.org\/es\/wp-json\/wp\/v2\/types\/page"}],"author":[{"embeddable":true,"href":"https:\/\/dndial.org\/es\/wp-json\/wp\/v2\/users\/4"}],"replies":[{"embeddable":true,"href":"https:\/\/dndial.org\/es\/wp-json\/wp\/v2\/comments?post=8156"}],"version-history":[{"count":15,"href":"https:\/\/dndial.org\/es\/wp-json\/wp\/v2\/pages\/8156\/revisions"}],"predecessor-version":[{"id":17930,"href":"https:\/\/dndial.org\/es\/wp-json\/wp\/v2\/pages\/8156\/revisions\/17930"}],"wp:attachment":[{"href":"https:\/\/dndial.org\/es\/wp-json\/wp\/v2\/media?parent=8156"}],"curies":[{"name":"wp","href":"https:\/\/api.w.org\/{rel}","templated":true}]}}